{"id":3271,"date":"2021-01-20T10:06:08","date_gmt":"2021-01-20T09:06:08","guid":{"rendered":"http:\/\/www.studiomoretto.it\/wp\/?page_id=3271"},"modified":"2021-03-26T12:36:27","modified_gmt":"2021-03-26T11:36:27","slug":"lo-studio","status":"publish","type":"page","link":"https:\/\/www.studiomoretto.it\/wp\/?page_id=3271","title":{"rendered":"Lo studio"},"content":{"rendered":"<section class=\"av_textblock_section \"  itemscope=\"itemscope\" itemtype=\"https:\/\/schema.org\/CreativeWork\" ><div class='avia_textblock  '   itemprop=\"text\" ><p>Lo\u00a0<strong>Studio Commercialista Moretto<\/strong>, commercialista in Padova, fondato nel 2001 da Antonio Moretto \u2013\u00a0<strong>Ragioniere Commercialista\u00a0<\/strong>e\u00a0<strong>Revisore Legale dei Conti<\/strong>\u00a0\u2013 opera oramai da 20 anni nel settore della\u00a0<strong>consulenza tributaria<\/strong>,\u00a0<strong>societaria<\/strong>,\u00a0<strong>aziendale<\/strong>\u00a0e\u00a0<strong>contabile<\/strong>\u00a0 assistendo un numero eterogeneo di clienti.<\/p>\n<p>Il concetto di assistenza lo interpretiamo come un cammino da percorrere insieme al nostro cliente, scambiando idee, informazioni e cercando insieme le soluzioni pi\u00f9 adatte, il nostro concetto \u00e8 che insieme si fa la forza, e pi\u00f9 notizie acquisiamo dai nostri clienti pi\u00f9 calzanti saranno le soluzioni che potremmo fornire.<\/p>\n<p>Lo\u00a0<strong>Studio <\/strong>assiste dal privato cittadino all\u2019imprenditore (individuale o nella forma giuridica della societ\u00e0) e la nostra consulenza mira a fornire una soluzione pragmatica ai problemi dei nostri clienti.<\/p>\n<p>Esperienza decennale maturata nelle gestione aziendale, sia in Italia che all\u2019 estero, e un ventennio di attivit\u00e0 come consulenti esterni di molteplici aziende ci ha hanno resi un partner ideale per l\u2019 imprenditore sia individuale che costituito in forma societaria<\/p>\n<p>La professionalit\u00e0 e le competenze dell\u2019organico sono indirizzate a garantire una analisi dettagliata di ogni realt\u00e0 e di ogni situazione rapportandola anche agli scenari futuri.<\/p>\n<p>I servizi offerti hanno come obiettivo principale quello di adattarsi alle esigenze del cliente.<\/p>\n<p>Ancor prima della nascita dell\u2019impresa, forniamo consulenza sulla\u00a0<em>compliance<\/em>\u00a0alle disposizioni di legge, regolamentari e di prassi. Si tratta di consulenza personalizzata, in base alla tipologia, al mercato di riferimento e alle necessit\u00e0 delle singole iniziative dei ns. \u00a0clienti, considerando che non esiste \u201cun\u2019unica soluzione per ogni problema\u201d, che tuttavia garantisce un approccio sistematico alla consulenza societaria, aziendale e fiscale.<\/p>\n<p>La nostra mission \u00e8 assistere ed orientare le aziende nelle decisioni, anche gestionali, accompagnarle sia nella quotidianit\u00e0 che nelle scelte strategiche.<\/p>\n<p>Assistenza contabile, fiscale, societaria, contrattuale e gestionale, il ns. team di esperti \u00e8 a disposizione dei clienti per fornire la pi\u00f9 accurata assistenza in tutti i settori di competenza dalla tenuta della contabilit\u00e0 fino all\u2019 assistenza per operazioni straordinarie come ad esempio compravendita di aziende, scissioni, incorporazioni.<\/p>\n<\/div><\/section>\n<\/div><\/div><\/div><!-- close content main div --><\/div><\/div><div id='av-layout-grid-1'  class='av-layout-grid-container entry-content-wrapper main_color av-flex-cells     avia-builder-el-1  el_after_av_textblock  avia-builder-el-last  submenu-not-first container_wrap fullsize' style=' '  >\n<div class=\"flex_cell no_margin av_one_third  avia-builder-el-2  el_before_av_cell_one_third  avia-builder-el-first   \" ><div class='flex_cell_inner' ><p><div  class='avia-image-container  av-styling-    avia-builder-el-3  el_before_av_textblock  avia-builder-el-first  avia-align-center '  itemprop=\"image\" itemscope=\"itemscope\" itemtype=\"https:\/\/schema.org\/ImageObject\"  ><div class='avia-image-container-inner'><div class='avia-image-overlay-wrap'><a href='?page_id=3273' class='avia_image'  ><img decoding=\"async\" width=\"300\" height=\"120\" class='wp-image-3531 avia-img-lazy-loading-not-3531 avia_image' src=\"https:\/\/www.studiomoretto.it\/wp\/wp-content\/uploads\/2021\/02\/LS-ProfessionalitaCorrettezzaS-300x120.jpg\" alt='' title='LS-ProfessionalitaCorrettezzaS'  itemprop=\"thumbnailUrl\" srcset=\"https:\/\/www.studiomoretto.it\/wp\/wp-content\/uploads\/2021\/02\/LS-ProfessionalitaCorrettezzaS-300x120.jpg 300w, https:\/\/www.studiomoretto.it\/wp\/wp-content\/uploads\/2021\/02\/LS-ProfessionalitaCorrettezzaS.jpg 425w\" sizes=\"(max-width: 300px) 100vw, 300px\" \/><\/a><\/div><\/div><\/div><br \/>\n<section class=\"av_textblock_section \"  itemscope=\"itemscope\" itemtype=\"https:\/\/schema.org\/CreativeWork\" ><div class='avia_textblock  '   itemprop=\"text\" ><h3 style=\"text-align: center;\"><strong>Professionalita\u2019 e Correttezza<\/strong><\/h3>\n<p style=\"text-align: center;\"><strong>\u00a0<\/strong>Ragioniere Commercialista iscritto<br \/>\nall\u2019Ordine di Padova e al Registro<br \/>\nNazionale dei Revisori Contabili<\/p>\n<p style=\"text-align: center;\"><a href=\"http:\/\/www.studiomoretto.it\/wp\/?page_id=3273\"><em>(Approfondisci)<\/em><\/a><\/p>\n<\/div><\/section><\/p>\n<\/div><\/div><div class=\"flex_cell no_margin av_one_third  avia-builder-el-5  el_after_av_cell_one_third  el_before_av_cell_one_third   \" ><div class='flex_cell_inner' ><p><div  class='avia-image-container  av-styling-    avia-builder-el-6  el_before_av_textblock  avia-builder-el-first  avia-align-center '  itemprop=\"image\" itemscope=\"itemscope\" itemtype=\"https:\/\/schema.org\/ImageObject\"  ><div class='avia-image-container-inner'><div class='avia-image-overlay-wrap'><a href='?page_id=3275' class='avia_image'  ><img decoding=\"async\" width=\"300\" height=\"120\" class='wp-image-3532 avia-img-lazy-loading-not-3532 avia_image' src=\"https:\/\/www.studiomoretto.it\/wp\/wp-content\/uploads\/2021\/02\/LS-LaNostra-OrganizzazioneS-1-300x120.jpg\" alt='' title='LS-LaNostra OrganizzazioneS'  itemprop=\"thumbnailUrl\" srcset=\"https:\/\/www.studiomoretto.it\/wp\/wp-content\/uploads\/2021\/02\/LS-LaNostra-OrganizzazioneS-1-300x120.jpg 300w, https:\/\/www.studiomoretto.it\/wp\/wp-content\/uploads\/2021\/02\/LS-LaNostra-OrganizzazioneS-1.jpg 425w\" sizes=\"(max-width: 300px) 100vw, 300px\" \/><\/a><\/div><\/div><\/div><br \/>\n<section class=\"av_textblock_section \"  itemscope=\"itemscope\" itemtype=\"https:\/\/schema.org\/CreativeWork\" ><div class='avia_textblock  '   itemprop=\"text\" ><h3 style=\"text-align: center;\"><strong>La Nostra Organizzazione<\/strong><\/h3>\n<p style=\"text-align: center;\">Nelle mie intenzioni non ho mai voluto<br \/>\ndar vita ad una grande struttura e non<br \/>\nintendiamo diventarlo<\/p>\n<p style=\"text-align: center;\"><a href=\"http:\/\/www.studiomoretto.it\/wp\/?page_id=3275\"><em>(Approfondisci)<\/em><\/a><\/p>\n<\/div><\/section><\/p>\n<\/div><\/div><div class=\"flex_cell no_margin av_one_third  avia-builder-el-8  el_after_av_cell_one_third  avia-builder-el-last   \"  style='vertical-align:top; padding:30px; ' ><div class='flex_cell_inner' ><p><div  class='avia-image-container  av-styling-    avia-builder-el-9  el_before_av_textblock  avia-builder-el-first  avia-align-center '  itemprop=\"image\" itemscope=\"itemscope\" itemtype=\"https:\/\/schema.org\/ImageObject\"  ><div class='avia-image-container-inner'><div class='avia-image-overlay-wrap'><a href='?page_id=3277' class='avia_image'  ><img decoding=\"async\" width=\"300\" height=\"120\" class='wp-image-3533 avia-img-lazy-loading-not-3533 avia_image' src=\"https:\/\/www.studiomoretto.it\/wp\/wp-content\/uploads\/2021\/02\/LS-FocusSulClienteS-300x120.jpg\" alt='' title='LS-FocusSulClienteS'  itemprop=\"thumbnailUrl\" srcset=\"https:\/\/www.studiomoretto.it\/wp\/wp-content\/uploads\/2021\/02\/LS-FocusSulClienteS-300x120.jpg 300w, https:\/\/www.studiomoretto.it\/wp\/wp-content\/uploads\/2021\/02\/LS-FocusSulClienteS.jpg 425w\" sizes=\"(max-width: 300px) 100vw, 300px\" \/><\/a><\/div><\/div><\/div><br \/>\n<section class=\"av_textblock_section \"  itemscope=\"itemscope\" itemtype=\"https:\/\/schema.org\/CreativeWork\" ><div class='avia_textblock  '   itemprop=\"text\" ><h3 style=\"text-align: center;\"><strong>Focus Sul Cliente<\/strong><\/h3>\n<p style=\"text-align: center;\">Riteniamo fondamentale\u00a0specializzarci<br \/>\nnel business dei nostri clienti, per<br \/>\nrispondere alle loro esigenze<\/p>\n<p style=\"text-align: center;\"><a href=\"http:\/\/www.studiomoretto.it\/wp\/?page_id=3277\"><em>(Approfondisci)<\/em><\/a><\/p>\n<\/div><\/section><\/p>\n<\/div><\/div><\/div>\n","protected":false},"excerpt":{"rendered":"","protected":false},"author":2,"featured_media":0,"parent":0,"menu_order":0,"comment_status":"closed","ping_status":"closed","template":"","meta":{"footnotes":""},"class_list":["post-3271","page","type-page","status-publish","hentry"],"_links":{"self":[{"href":"https:\/\/www.studiomoretto.it\/wp\/index.php?rest_route=\/wp\/v2\/pages\/3271","targetHints":{"allow":["GET"]}}],"collection":[{"href":"https:\/\/www.studiomoretto.it\/wp\/index.php?rest_route=\/wp\/v2\/pages"}],"about":[{"href":"https:\/\/www.studiomoretto.it\/wp\/index.php?rest_route=\/wp\/v2\/types\/page"}],"author":[{"embeddable":true,"href":"https:\/\/www.studiomoretto.it\/wp\/index.php?rest_route=\/wp\/v2\/users\/2"}],"replies":[{"embeddable":true,"href":"https:\/\/www.studiomoretto.it\/wp\/index.php?rest_route=%2Fwp%2Fv2%2Fcomments&post=3271"}],"version-history":[{"count":39,"href":"https:\/\/www.studiomoretto.it\/wp\/index.php?rest_route=\/wp\/v2\/pages\/3271\/revisions"}],"predecessor-version":[{"id":3635,"href":"https:\/\/www.studiomoretto.it\/wp\/index.php?rest_route=\/wp\/v2\/pages\/3271\/revisions\/3635"}],"wp:attachment":[{"href":"https:\/\/www.studiomoretto.it\/wp\/index.php?rest_route=%2Fwp%2Fv2%2Fmedia&parent=3271"}],"curies":[{"name":"wp","href":"https:\/\/api.w.org\/{rel}","templated":true}]}}