{"id":3275,"date":"2021-01-20T10:07:52","date_gmt":"2021-01-20T09:07:52","guid":{"rendered":"http:\/\/www.studiomoretto.it\/wp\/?page_id=3275"},"modified":"2021-03-26T11:03:17","modified_gmt":"2021-03-26T10:03:17","slug":"la-nostra-organizzazione","status":"publish","type":"page","link":"https:\/\/www.studiomoretto.it\/wp\/?page_id=3275","title":{"rendered":"LA NOSTRA ORGANIZZAZIONE"},"content":{"rendered":"\n<p>Nelle mie intenzioni non ho mai voluto dar vita ad una grande struttura e non intendiamo diventarlo: ogni cliente deve poter avere il&nbsp;contatto diretto con il titolare dello Studio&nbsp;ed avere la certezza che la sua posizione verr\u00e0 seguita con&nbsp;attenzione e personalizzazione.<\/p>\n\n\n\n<p>La fiducia del cliente nei nostri confronti \u00e8 per noi una priorit\u00e0.<\/p>\n\n\n\n<p>Per questo il nostro approccio \u00e8 improntato alla ricerca della&nbsp;massima trasparenza.<\/p>\n","protected":false},"excerpt":{"rendered":"<p>Nelle mie intenzioni non ho mai voluto dar vita ad una grande struttura e non intendiamo diventarlo: ogni cliente deve poter avere il&nbsp;contatto diretto con il titolare dello Studio&nbsp;ed avere la certezza che la sua posizione verr\u00e0 seguita con&nbsp;attenzione e personalizzazione. La fiducia del cliente nei nostri confronti \u00e8 per noi una priorit\u00e0. Per questo [&hellip;]<\/p>\n","protected":false},"author":2,"featured_media":3613,"parent":3271,"menu_order":0,"comment_status":"closed","ping_status":"closed","template":"","meta":{"footnotes":""},"class_list":["post-3275","page","type-page","status-publish","has-post-thumbnail","hentry"],"_links":{"self":[{"href":"https:\/\/www.studiomoretto.it\/wp\/index.php?rest_route=\/wp\/v2\/pages\/3275","targetHints":{"allow":["GET"]}}],"collection":[{"href":"https:\/\/www.studiomoretto.it\/wp\/index.php?rest_route=\/wp\/v2\/pages"}],"about":[{"href":"https:\/\/www.studiomoretto.it\/wp\/index.php?rest_route=\/wp\/v2\/types\/page"}],"author":[{"embeddable":true,"href":"https:\/\/www.studiomoretto.it\/wp\/index.php?rest_route=\/wp\/v2\/users\/2"}],"replies":[{"embeddable":true,"href":"https:\/\/www.studiomoretto.it\/wp\/index.php?rest_route=%2Fwp%2Fv2%2Fcomments&post=3275"}],"version-history":[{"count":1,"href":"https:\/\/www.studiomoretto.it\/wp\/index.php?rest_route=\/wp\/v2\/pages\/3275\/revisions"}],"predecessor-version":[{"id":3276,"href":"https:\/\/www.studiomoretto.it\/wp\/index.php?rest_route=\/wp\/v2\/pages\/3275\/revisions\/3276"}],"up":[{"embeddable":true,"href":"https:\/\/www.studiomoretto.it\/wp\/index.php?rest_route=\/wp\/v2\/pages\/3271"}],"wp:featuredmedia":[{"embeddable":true,"href":"https:\/\/www.studiomoretto.it\/wp\/index.php?rest_route=\/wp\/v2\/media\/3613"}],"wp:attachment":[{"href":"https:\/\/www.studiomoretto.it\/wp\/index.php?rest_route=%2Fwp%2Fv2%2Fmedia&parent=3275"}],"curies":[{"name":"wp","href":"https:\/\/api.w.org\/{rel}","templated":true}]}}