{"id":3277,"date":"2021-01-20T10:08:30","date_gmt":"2021-01-20T09:08:30","guid":{"rendered":"http:\/\/www.studiomoretto.it\/wp\/?page_id=3277"},"modified":"2021-03-26T11:09:03","modified_gmt":"2021-03-26T10:09:03","slug":"focus-sul-cliente","status":"publish","type":"page","link":"https:\/\/www.studiomoretto.it\/wp\/?page_id=3277","title":{"rendered":"FOCUS SUL CLIENTE"},"content":{"rendered":"\n<p>Riteniamo fondamentale&nbsp;specializzarci nel business dei nostri clienti, per rispondere alle loro esigenze specifiche.<\/p>\n\n\n\n<p>Il nostro Studio intende fornire un\u2019adeguata risposta alle&nbsp;esigenze sempre pi\u00f9 integrate e multidisciplinari&nbsp;che ogni attivit\u00e0 economica richiede.<\/p>\n\n\n\n<p>Tutto ci\u00f2 senza trascurare il tradizionale&nbsp;rapporto<\/p>\n\n\n\n<p>personale di fiducia con il cliente&nbsp;.<\/p>\n","protected":false},"excerpt":{"rendered":"<p>Riteniamo fondamentale&nbsp;specializzarci nel business dei nostri clienti, per rispondere alle loro esigenze specifiche. Il nostro Studio intende fornire un\u2019adeguata risposta alle&nbsp;esigenze sempre pi\u00f9 integrate e multidisciplinari&nbsp;che ogni attivit\u00e0 economica richiede. Tutto ci\u00f2 senza trascurare il tradizionale&nbsp;rapporto personale di fiducia con il cliente&nbsp;.<\/p>\n","protected":false},"author":2,"featured_media":3614,"parent":3271,"menu_order":0,"comment_status":"closed","ping_status":"closed","template":"","meta":{"footnotes":""},"class_list":["post-3277","page","type-page","status-publish","has-post-thumbnail","hentry"],"_links":{"self":[{"href":"https:\/\/www.studiomoretto.it\/wp\/index.php?rest_route=\/wp\/v2\/pages\/3277","targetHints":{"allow":["GET"]}}],"collection":[{"href":"https:\/\/www.studiomoretto.it\/wp\/index.php?rest_route=\/wp\/v2\/pages"}],"about":[{"href":"https:\/\/www.studiomoretto.it\/wp\/index.php?rest_route=\/wp\/v2\/types\/page"}],"author":[{"embeddable":true,"href":"https:\/\/www.studiomoretto.it\/wp\/index.php?rest_route=\/wp\/v2\/users\/2"}],"replies":[{"embeddable":true,"href":"https:\/\/www.studiomoretto.it\/wp\/index.php?rest_route=%2Fwp%2Fv2%2Fcomments&post=3277"}],"version-history":[{"count":1,"href":"https:\/\/www.studiomoretto.it\/wp\/index.php?rest_route=\/wp\/v2\/pages\/3277\/revisions"}],"predecessor-version":[{"id":3278,"href":"https:\/\/www.studiomoretto.it\/wp\/index.php?rest_route=\/wp\/v2\/pages\/3277\/revisions\/3278"}],"up":[{"embeddable":true,"href":"https:\/\/www.studiomoretto.it\/wp\/index.php?rest_route=\/wp\/v2\/pages\/3271"}],"wp:featuredmedia":[{"embeddable":true,"href":"https:\/\/www.studiomoretto.it\/wp\/index.php?rest_route=\/wp\/v2\/media\/3614"}],"wp:attachment":[{"href":"https:\/\/www.studiomoretto.it\/wp\/index.php?rest_route=%2Fwp%2Fv2%2Fmedia&parent=3277"}],"curies":[{"name":"wp","href":"https:\/\/api.w.org\/{rel}","templated":true}]}}