{"id":3281,"date":"2021-01-20T10:12:00","date_gmt":"2021-01-20T09:12:00","guid":{"rendered":"http:\/\/www.studiomoretto.it\/wp\/?page_id=3281"},"modified":"2021-03-25T21:16:38","modified_gmt":"2021-03-25T20:16:38","slug":"contabilita-fiscale","status":"publish","type":"page","link":"https:\/\/www.studiomoretto.it\/wp\/?page_id=3281","title":{"rendered":"Contabilit\u00e0 fiscale"},"content":{"rendered":"\n<p>Contabilit\u00e0 significa tradurre in forma numerica ed omogenea le vicende dell\u2019 azienda, in modo tale da renderle leggibili anche ai terzi<\/p>\n\n\n\n<p>La redazione periodica delle scritture contabili permette di generare un\u2019informativa adeguata attraverso la redazione di bilanci annuali e situazioni contabili intermedie oggigiorno sempre pi\u00f9 necessarie e richieste.<\/p>\n\n\n\n<p>Per tale ragione gestiamo la contabilit\u00e0 delle imprese con grande attenzione in tema di adempimenti, senza per\u00f2 ridurre la qualit\u00e0 del lavoro. Gestire la contabilit\u00e0 non significa solo rispetto delle regolarit\u00e0 fiscali, ma significa fornire all\u2019imprenditore una visione chiara del successo della sua azienda o delle criticit\u00e0 da risolvere.<\/p>\n\n\n\n<p>Le principali attivit\u00e0 dello studio in materia contabile sono le seguenti:<\/p>\n\n\n\n<ul class=\"wp-block-list\"><li>consulenza e assistenza contabile;<\/li><li>gestione contabilit\u00e0 generale;<\/li><li>adempimenti e richieste presso Pubblici Uffici;<\/li><li>redazione di bilanci d\u2019esercizio;<\/li><li>redazione bilanci intermedi, determinazione e analisi degli indici economici e patrimoniali<\/li><\/ul>\n","protected":false},"excerpt":{"rendered":"<p>Contabilit\u00e0 significa tradurre in forma numerica ed omogenea le vicende dell\u2019 azienda, in modo tale da renderle leggibili anche ai terzi La redazione periodica delle scritture contabili permette di generare un\u2019informativa adeguata attraverso la redazione di bilanci annuali e situazioni contabili intermedie oggigiorno sempre pi\u00f9 necessarie e richieste. Per tale ragione gestiamo la contabilit\u00e0 delle [&hellip;]<\/p>\n","protected":false},"author":2,"featured_media":3608,"parent":3279,"menu_order":0,"comment_status":"closed","ping_status":"closed","template":"","meta":{"footnotes":""},"class_list":["post-3281","page","type-page","status-publish","has-post-thumbnail","hentry"],"_links":{"self":[{"href":"https:\/\/www.studiomoretto.it\/wp\/index.php?rest_route=\/wp\/v2\/pages\/3281","targetHints":{"allow":["GET"]}}],"collection":[{"href":"https:\/\/www.studiomoretto.it\/wp\/index.php?rest_route=\/wp\/v2\/pages"}],"about":[{"href":"https:\/\/www.studiomoretto.it\/wp\/index.php?rest_route=\/wp\/v2\/types\/page"}],"author":[{"embeddable":true,"href":"https:\/\/www.studiomoretto.it\/wp\/index.php?rest_route=\/wp\/v2\/users\/2"}],"replies":[{"embeddable":true,"href":"https:\/\/www.studiomoretto.it\/wp\/index.php?rest_route=%2Fwp%2Fv2%2Fcomments&post=3281"}],"version-history":[{"count":2,"href":"https:\/\/www.studiomoretto.it\/wp\/index.php?rest_route=\/wp\/v2\/pages\/3281\/revisions"}],"predecessor-version":[{"id":3534,"href":"https:\/\/www.studiomoretto.it\/wp\/index.php?rest_route=\/wp\/v2\/pages\/3281\/revisions\/3534"}],"up":[{"embeddable":true,"href":"https:\/\/www.studiomoretto.it\/wp\/index.php?rest_route=\/wp\/v2\/pages\/3279"}],"wp:featuredmedia":[{"embeddable":true,"href":"https:\/\/www.studiomoretto.it\/wp\/index.php?rest_route=\/wp\/v2\/media\/3608"}],"wp:attachment":[{"href":"https:\/\/www.studiomoretto.it\/wp\/index.php?rest_route=%2Fwp%2Fv2%2Fmedia&parent=3281"}],"curies":[{"name":"wp","href":"https:\/\/api.w.org\/{rel}","templated":true}]}}